{"id":3788,"date":"2022-03-16T19:11:45","date_gmt":"2022-03-16T17:11:45","guid":{"rendered":"https:\/\/bohemihomes.bg\/?page_id=3788"},"modified":"2023-02-28T13:37:21","modified_gmt":"2023-02-28T11:37:21","slug":"politika-za-poveritelnost","status":"publish","type":"page","link":"https:\/\/bohemihomes.bg\/de\/politika-za-poveritelnost\/","title":{"rendered":"Datenschutzbestimmungen"},"content":{"rendered":"<div data-elementor-type=\"wp-page\" data-elementor-id=\"3788\" class=\"elementor elementor-3788\" data-elementor-post-type=\"page\">\n\t\t\t\t\t\t<section class=\"elementor-section elementor-top-section elementor-element elementor-element-222dadb elementor-section-boxed elementor-section-height-default elementor-section-height-default\" data-id=\"222dadb\" data-element_type=\"section\" data-e-type=\"section\">\n\t\t\t\t\t\t<div class=\"elementor-container elementor-column-gap-default\">\n\t\t\t\t\t<div class=\"elementor-column elementor-col-100 elementor-top-column elementor-element elementor-element-3d22759\" data-id=\"3d22759\" data-element_type=\"column\" data-e-type=\"column\">\n\t\t\t<div class=\"elementor-widget-wrap elementor-element-populated\">\n\t\t\t\t\t\t<div class=\"elementor-element elementor-element-0153e2c elementor-widget elementor-widget-heading\" data-id=\"0153e2c\" data-element_type=\"widget\" data-e-type=\"widget\" data-widget_type=\"heading.default\">\n\t\t\t\t\t\t<div class=\"elementor-widget-container\">\n\t\t\t\t\t<h2 class=\"elementor-heading-title elementor-size-default\">POLITIK ZUM SCHUTZ DER PRIVATSPH\u00c4RE UND ZUM DATENSCHUTZ<\/h2>\t\t\t\t<\/div>\n\t\t\t\t<\/div>\n\t\t\t\t<div class=\"elementor-element elementor-element-a045ac8 elementor-widget elementor-widget-text-editor\" data-id=\"a045ac8\" data-element_type=\"widget\" data-e-type=\"widget\" data-widget_type=\"text-editor.default\">\n\t\t\t\t\t\t<div class=\"elementor-widget-container\">\n\t\t\t\t\t\t\t\t\t<p class=\"p1\"><span class=\"s1\">\"BOHEMI-H\u00c4USER<\/span><span class=\"s2\">\"<\/span> <span class=\"s2\">respektiert die Privatsph\u00e4re seiner Kunden und gew\u00e4hrleistet den Schutz ihrer pers\u00f6nlichen Daten so weit wie m\u00f6glich. Die vorliegende Politik zum Schutz der Privatsph\u00e4re und der personenbezogenen Daten wurde auf der Grundlage der geltenden bulgarischen und europ\u00e4ischen Rechtsvorschriften zum Schutz personenbezogener Daten erstellt.<br \/>Diese Datenschutzrichtlinie regelt die Verarbeitung personenbezogener Daten von nat\u00fcrlichen Personen oder Vertretern juristischer Personen auf unserer Website:<\/span><span class=\"s1\"> <a href=\"https:\/\/bohemihomes.bg\/de\/\"><span class=\"s3\"><b>bohemihomes.bg<\/b><\/span><\/a> <\/span><span class=\"s2\">(\"Website\") in Verbindung mit den Diensten,<\/span> <span class=\"s2\">zur Verf\u00fcgung gestellt von <\/span><span class=\"s1\">\"BOHEMI-H\u00c4USER<\/span><span class=\"s2\">\"Ltd, einschlie\u00dflich der \u00fcber die Website bereitgestellten und auf ihr verf\u00fcgbaren Informationen.<\/span><\/p><p class=\"p1\"><span class=\"s2\">Diese Datenschutzrichtlinie legt die Regeln fest, die <\/span><span class=\"s1\">\"BOHEMI-H\u00c4USER<\/span><span class=\"s2\">\"Ltd. bei der Verarbeitung personenbezogener Daten, die wir von oder \u00fcber Sie erheben oder die Sie uns zur Verf\u00fcgung stellen, beachten. Diese Datenschutzrichtlinie beeintr\u00e4chtigt, beschr\u00e4nkt oder hebt Ihre Rechte gem\u00e4\u00df dem Gesetz zum Schutz personenbezogener Daten (\"PDPA\") oder anderen einschl\u00e4gigen Rechtsvorschriften nicht auf.<\/span><\/p><p class=\"p1\"><span class=\"s2\">Was regelt diese Datenschutzrichtlinie und auf welcher Rechtsgrundlage Ab dem 25. Mai 2018 gilt in Bulgarien die Allgemeine Datenschutzverordnung (DSGVO). Sie wurde von der Europ\u00e4ischen Union angenommen und soll die Politik der EU-Mitgliedstaaten in Bezug auf die Erhebung und Verwendung personenbezogener Daten angleichen. Ein weiterer Zweck der Verordnung ist es, Ihr Recht auf Privatsph\u00e4re zu garantieren, Ihre pers\u00f6nlichen Daten zu sch\u00fctzen und mehr Sicherheit gegen den Missbrauch von pers\u00f6nlichen Informationen zu bieten. Die neue Verordnung bringt eine Reihe von Anforderungen mit sich, die <\/span><span class=\"s1\">\"BOHEMI-H\u00c4USER<\/span><span class=\"s2\">EOOD\" gilt und die hier eingesehen werden k\u00f6nnen. Diese umfassen:<\/span><\/p><ul class=\"ul1\"><li style=\"list-style-type: none;\"><ul class=\"ul1\"><li class=\"li2\">Damit Sie wissen, welche Daten wir verwenden;<\/li><\/ul><\/li><\/ul><ul class=\"ul1\"><li style=\"list-style-type: none;\"><ul class=\"ul1\"><li class=\"li2\">Um Sie zu informieren, warum wir sie verwenden;<\/li><\/ul><\/li><\/ul><ul class=\"ul1\"><li style=\"list-style-type: none;\"><ul class=\"ul1\"><li class=\"li2\">Wir bitten Sie um Ihr Einverst\u00e4ndnis, sie zu verwenden, wenn wir auf ihrer Grundlage zus\u00e4tzliche Dienste anbieten.<\/li><\/ul><\/li><\/ul><ul class=\"ul1\"><li style=\"list-style-type: none;\"><ul class=\"ul1\"><li class=\"li2\">Um Ihnen die M\u00f6glichkeit zu geben, Ihre Zustimmung zu verschiedenen Zwecken \u00fcber diese Website zu \u00e4ndern, damit Sie mehr Freiheit haben;<\/li><\/ul><\/li><\/ul><ul class=\"ul1\"><li style=\"list-style-type: none;\"><ul class=\"ul1\"><li class=\"li2\">Wir garantieren Ihnen das Recht, die Berichtigung Ihrer Daten, deren L\u00f6schung sowie das \"Vergessenwerden\" zu verlangen. Dar\u00fcber hinaus k\u00f6nnen wir Ihnen die Daten zum Download oder zur \u00dcbertragung zur Verf\u00fcgung stellen, wenn Sie uns dies mitteilen und sich entsprechend legitimieren;<\/li><\/ul><\/li><\/ul><p class=\"p1\"><span class=\"s2\">Alle Daten, die einen Nutzer identifizieren, gelten als personenbezogene Daten. Dies k\u00f6nnen E-Mail, Namen, Mobiltelefon, Wohnadresse, IP-Adresse sein.<\/span><\/p><p class=\"p1\"><span class=\"s2\">1. Einleitung<\/span><\/p><p class=\"p1\"><span class=\"s2\">1.1 Wir verpflichten uns, die Privatsph\u00e4re unserer Besucher auf der Website zu sch\u00fctzen. In dieser Erkl\u00e4rung erl\u00e4utern wir, wie wir Ihre pers\u00f6nlichen Daten annehmen werden.<\/span><\/p><p class=\"p1\"><span class=\"s2\">1.2 Wenn Sie unsere Website zum ersten Mal besuchen, werden wir Sie bitten, unserer Verwendung von Cookies in \u00dcbereinstimmung mit den Bedingungen dieser Richtlinie zuzustimmen. Indem Sie unsere Website nutzen und unserer Richtlinie zustimmen, erkl\u00e4ren Sie sich damit einverstanden, dass wir Cookies in \u00dcbereinstimmung mit den Bedingungen dieser Richtlinie verwenden.<\/span><\/p><p class=\"p1\"><span class=\"s2\">2. Erhebung von personenbezogenen Daten<\/span><\/p><p class=\"p1\"><span class=\"s2\">2.1 Wir k\u00f6nnen die folgenden Arten von personenbezogenen Daten erfassen, speichern und verwenden:<\/span><\/p><ul class=\"ul1\"><li style=\"list-style-type: none;\"><ul class=\"ul1\"><li class=\"li2\">Informationen \u00fcber Ihren Computer und Ihre Besuche bei der Nutzung dieser Website (einschlie\u00dflich Ihrer IP-Adresse, Ihres geografischen Standorts, des Browsertyps und der Browserversion, des Betriebssystems, der Dauer des Besuchs und der besuchten Seiten);<\/li><\/ul><\/li><\/ul><ul class=\"ul1\"><li style=\"list-style-type: none;\"><ul class=\"ul1\"><li class=\"li2\">Informationen, die Sie uns zur Verf\u00fcgung stellen, wenn Sie sich auf unserer Website registrieren (einschlie\u00dflich Ihrer E-Mail-Adresse);<\/li><\/ul><\/li><\/ul><ul class=\"ul1\"><li style=\"list-style-type: none;\"><ul class=\"ul1\"><li class=\"li2\">Informationen, die Sie angeben, wenn Sie Ihr Profil auf unserer Website ausf\u00fcllen (einschlie\u00dflich Name, Adresse, Telefonnummer);<\/li><\/ul><\/li><\/ul><ul class=\"ul1\"><li style=\"list-style-type: none;\"><ul class=\"ul1\"><li class=\"li2\">Informationen im Zusammenhang mit unseren Dienstleistungen oder anderen Transaktionen (einschlie\u00dflich Ihres Namens, Ihrer Adresse, Telefonnummer und E-Mail-Adresse);<\/li><\/ul><\/li><\/ul><ul class=\"ul1\"><li style=\"list-style-type: none;\"><ul class=\"ul1\"><li class=\"li2\">Informationen, die in einer \u00fcber unsere Website get\u00e4tigten\/gesendeten Kommunikation enthalten sind oder damit in Zusammenhang stehen (einschlie\u00dflich des Inhalts der Kommunikation und der mit der Kommunikation verbundenen Metadaten);<\/li><\/ul><\/li><\/ul><ul class=\"ul1\"><li style=\"list-style-type: none;\"><ul class=\"ul1\"><li class=\"li2\">Alle anderen pers\u00f6nlichen Informationen, die Sie uns \u00fcbermitteln m\u00f6chten;<\/li><\/ul><\/li><\/ul><p class=\"p1\"><span class=\"s2\">2.2 Bevor Sie uns die personenbezogenen Daten einer anderen Person (eines Dritten) offenlegen, m\u00fcssen Sie die Erlaubnis dieser Person sowohl f\u00fcr die Offenlegung als auch f\u00fcr die Verarbeitung ihrer personenbezogenen Daten in \u00dcbereinstimmung mit dieser Richtlinie einholen.<\/span><\/p><p class=\"p1\"><span class=\"s2\">3. Verwendung Ihrer pers\u00f6nlichen Daten<\/span><\/p><p class=\"p1\"><span class=\"s2\">3.1 Pers\u00f6nliche Daten, die Sie uns zur Verf\u00fcgung stellen, werden f\u00fcr die in dieser Richtlinie genannten Zwecke verwendet.<\/span><\/p><p class=\"p1\"><span class=\"s2\">3.2 Wir k\u00f6nnen Ihre pers\u00f6nlichen Daten verwenden, um:<\/span><\/p><ul class=\"ul1\"><li style=\"list-style-type: none;\"><ul class=\"ul1\"><li class=\"li2\">Verwaltung unserer Website und F\u00fchrung der Gesch\u00e4fte;<\/li><\/ul><\/li><\/ul><ul class=\"ul1\"><li style=\"list-style-type: none;\"><ul class=\"ul1\"><li class=\"li2\">Passen Sie unsere Website f\u00fcr Sie an;<\/li><\/ul><\/li><\/ul><ul class=\"ul1\"><li style=\"list-style-type: none;\"><ul class=\"ul1\"><li class=\"li2\">Um die Dienste unserer Website nutzen zu k\u00f6nnen;<\/li><\/ul><\/li><\/ul><ul class=\"ul1\"><li style=\"list-style-type: none;\"><ul class=\"ul1\"><li class=\"li2\">Damit wir Ihnen die auf unserer Website beschriebenen Dienstleistungen anbieten k\u00f6nnen;<\/li><\/ul><\/li><\/ul><ul class=\"ul1\"><li style=\"list-style-type: none;\"><ul class=\"ul1\"><li class=\"li2\">Zum Versenden von Werbebotschaften, die nicht zu Marketingzwecken dienen;<\/li><\/ul><\/li><\/ul><ul class=\"ul1\"><li style=\"list-style-type: none;\"><ul class=\"ul1\"><li class=\"li2\">Um Ihnen E-Mail-Benachrichtigungen zu senden, die Sie angefordert oder erwartet haben;<\/li><\/ul><\/li><\/ul><ul class=\"ul1\"><li style=\"list-style-type: none;\"><ul class=\"ul1\"><li class=\"li2\">Um Ihnen Marketingmitteilungen in Bezug auf unser Gesch\u00e4ft (oder das Gesch\u00e4ft sorgf\u00e4ltig ausgew\u00e4hlter Dritter) zu senden, von denen wir glauben, dass sie f\u00fcr Sie von Interesse sein k\u00f6nnten, und zwar per Post, per E-Mail oder mit \u00e4hnlichen Technologien (Sie k\u00f6nnen uns jederzeit informieren, wenn Sie keine Marketingmitteilungen mehr w\u00fcnschen);<\/li><\/ul><\/li><\/ul><p class=\"p1\"><span class=\"s2\">3.3 Wenn Sie uns personenbezogene Daten zur Ver\u00f6ffentlichung auf unserer Website zur Verf\u00fcgung stellen, werden wir diese gem\u00e4\u00df der uns von Ihnen erteilten Lizenz ver\u00f6ffentlichen.<\/span><\/p><p class=\"p1\"><span class=\"s2\">3.4 Ohne Ihre ausdr\u00fcckliche Zustimmung werden wir Ihre pers\u00f6nlichen Daten nicht an Dritte weitergeben.<\/span><\/p><p class=\"p1\"><span class=\"s2\">3.4. Die Daten werden so lange aufbewahrt, wie wir einen Grund f\u00fcr die Aufbewahrung der Daten haben.<\/span><\/p><p class=\"p1\"><span class=\"s2\">4. Offenlegung pers\u00f6nlicher Informationen<\/span><\/p><p class=\"p1\"><span class=\"s2\">4.1 Wir k\u00f6nnen Ihre pers\u00f6nlichen Daten an unsere Mitarbeiter, Versicherer, Fachberater, Vertreter, Anw\u00e4lte, Lieferanten und Subunternehmer weitergeben, soweit dies f\u00fcr die in dieser Richtlinie dargelegten Zwecke angemessen und notwendig ist.<\/span><\/p><p class=\"p1\"><span class=\"s2\">4.2 Wir k\u00f6nnen Ihre pers\u00f6nlichen Informationen weitergeben:<\/span><\/p><ul class=\"ul1\"><li style=\"list-style-type: none;\"><ul class=\"ul1\"><li class=\"li2\">Soweit wir dazu gesetzlich verpflichtet sind;<\/li><\/ul><\/li><\/ul><ul class=\"ul1\"><li style=\"list-style-type: none;\"><ul class=\"ul1\"><li class=\"li2\">Im Zusammenhang mit anh\u00e4ngigen oder k\u00fcnftigen Gerichtsverfahren;<\/li><\/ul><\/li><\/ul><ul class=\"ul1\"><li style=\"list-style-type: none;\"><ul class=\"ul1\"><li class=\"li2\">Zur Aus\u00fcbung oder zum Schutz unserer gesetzlichen Rechte (einschlie\u00dflich der Weitergabe von Informationen an andere zur Betrugsbek\u00e4mpfung und zur Verringerung des Kreditrisikos);<\/li><\/ul><\/li><\/ul><ul class=\"ul1\"><li style=\"list-style-type: none;\"><ul class=\"ul1\"><li class=\"li2\">An den K\u00e4ufer (oder potenziellen K\u00e4ufer) eines Gesch\u00e4fts oder Verm\u00f6genswerts, den wir verkaufen (oder zu verkaufen beabsichtigen);<\/li><\/ul><\/li><\/ul><p class=\"p1\"><span class=\"s2\">4.3 Au\u00dfer in den in dieser Richtlinie genannten F\u00e4llen geben wir keine pers\u00f6nlichen Daten an Dritte weiter.<\/span><\/p><p class=\"p1\"><span class=\"s2\">5. Internationaler Datenaustausch<\/span><\/p><p class=\"p1\"><span class=\"s2\">5.1 Die von uns gesammelten Informationen k\u00f6nnen gespeichert, verarbeitet und zwischen den Parteien, in denen wir t\u00e4tig sind, \u00fcbertragen werden, damit wir die Informationen in \u00dcbereinstimmung mit dieser Richtlinie verwenden k\u00f6nnen.<\/span><\/p><p class=\"p1\"><span class=\"s2\">5.2 Die pers\u00f6nlichen Informationen, die Sie auf unserer Website ver\u00f6ffentlichen oder zur Ver\u00f6ffentlichung auf unserer Website einreichen, k\u00f6nnen \u00fcber das Internet weltweit verbreitet werden. Wir k\u00f6nnen die Nutzung oder den Missbrauch solcher Informationen durch andere nicht verhindern.<\/span><\/p><p class=\"p1\"><span class=\"s2\">5.4 Sie stimmen der in diesem Abschnitt 5 beschriebenen \u00dcbermittlung personenbezogener Daten ausdr\u00fccklich zu.<\/span><\/p><p class=\"p1\"><span class=\"s2\">6. Aufbewahrung von pers\u00f6nlichen Informationen<\/span><\/p><p class=\"p1\"><span class=\"s2\">6.1 In diesem Abschnitt werden die Verfahren zur Datenaufbewahrung beschrieben, die sicherstellen sollen, dass wir die gesetzlichen Verpflichtungen in Bezug auf die Aufbewahrung und L\u00f6schung der personenbezogenen Daten unserer Nutzer einhalten.<\/span><\/p><p class=\"p1\"><span class=\"s2\">6.2 Die personenbezogenen Daten, die wir f\u00fcr einen bestimmten Zweck verarbeiten, d\u00fcrfen nicht l\u00e4nger aufbewahrt werden, als es f\u00fcr diesen Zweck oder diese Zwecke erforderlich ist.<\/span><\/p><p class=\"p1\"><span class=\"s2\">6.3 Ungeachtet anderer Bestimmungen dieses Abschnitts werden wir Dokumente (einschlie\u00dflich elektronischer Dokumente), die personenbezogene Daten enthalten, aufbewahren:<\/span><\/p><ul class=\"ul1\"><li style=\"list-style-type: none;\"><ul class=\"ul1\"><li class=\"li2\">Soweit wir gesetzlich dazu verpflichtet sind;<\/li><\/ul><\/li><\/ul><ul class=\"ul1\"><li style=\"list-style-type: none;\"><ul class=\"ul1\"><li class=\"li2\">Wenn wir glauben, dass die Dokumente f\u00fcr laufende oder k\u00fcnftige Gerichtsverfahren relevant sein k\u00f6nnten;<\/li><\/ul><\/li><\/ul><ul class=\"ul1\"><li style=\"list-style-type: none;\"><ul class=\"ul1\"><li class=\"li2\">Zur Aus\u00fcbung oder zum Schutz unserer gesetzlichen Rechte (einschlie\u00dflich der Weitergabe von Informationen an andere zur Betrugsbek\u00e4mpfung und zur Verringerung des Kreditrisikos);<\/li><\/ul><\/li><\/ul><p class=\"p1\"><span class=\"s2\">7. Schutz von personenbezogenen Daten<\/span><\/p><p class=\"p1\"><span class=\"s2\">7.1 Wir werden angemessene technische und organisatorische Ma\u00dfnahmen ergreifen, um den Verlust, den Missbrauch oder die L\u00f6schung Ihrer personenbezogenen Daten zu verhindern.<\/span><\/p><p class=\"p1\"><span class=\"s2\">7.2 Wir speichern alle pers\u00f6nlichen Daten, die Sie uns zur Verf\u00fcgung stellen, auf unseren passwortgesch\u00fctzten Servern.<\/span><\/p><p class=\"p1\"><span class=\"s2\">7.3 Alle elektronischen Finanztransaktionen, die \u00fcber unsere Website get\u00e4tigt werden, sind durch Verschl\u00fcsselungstechnologie gesch\u00fctzt.<\/span><\/p><p class=\"p1\"><span class=\"s2\">7.4 Sie stimmen zu, dass die \u00dcbertragung von Informationen \u00fcber das Internet von Natur aus unsicher ist und wir die Sicherheit der \u00fcber das Internet gesendeten Daten nicht garantieren k\u00f6nnen.<\/span><\/p><p class=\"p1\"><span class=\"s2\">8. \u00c4nderungen<\/span><\/p><p class=\"p1\"><span class=\"s2\">8.1 Wir k\u00f6nnen diese Richtlinie durch Ver\u00f6ffentlichung einer neuen Version auf unserer Website aktualisieren.<\/span><\/p><p class=\"p1\"><span class=\"s2\">8.2 Wir k\u00f6nnen Sie per E-Mail oder \u00fcber ein privates Nachrichtensystem auf unserer Website \u00fcber \u00c4nderungen an dieser Richtlinie informieren.<\/span><\/p><p class=\"p1\"><span class=\"s2\">9. Deine Rechte<\/span><\/p><p class=\"p1\"><span class=\"s2\">9.1 Sie k\u00f6nnen uns auffordern, Ihnen alle personenbezogenen Daten, die wir \u00fcber Sie gespeichert haben, mitzuteilen.<\/span><\/p><p class=\"p1\"><span class=\"s2\">9.2 Wir d\u00fcrfen angeforderte personenbezogene Daten nicht weitergeben, soweit dies gesetzlich zul\u00e4ssig ist.<\/span><\/p><p class=\"p1\"><span class=\"s2\">9.3 Sie k\u00f6nnen uns jederzeit mitteilen, dass wir Ihre personenbezogenen Daten nicht f\u00fcr Marketingzwecke verwenden sollen.<\/span><\/p><p class=\"p1\"><span class=\"s2\">9.4 Durch die Nutzung unserer Dienstleistungen und unserer Website erkl\u00e4ren Sie sich damit einverstanden, dass wir Ihre pers\u00f6nlichen Daten f\u00fcr Marketingzwecke verwenden. Wir werden Ihnen die M\u00f6glichkeit geben, die Verwendung Ihrer personenbezogenen Daten f\u00fcr Marketingzwecke abzulehnen.<\/span><\/p><p class=\"p1\"><span class=\"s2\">10. Wir haben keine Kontrolle \u00fcber und sind nicht verantwortlich f\u00fcr die Datenschutzrichtlinien und -praktiken Dritter.<\/span><\/p><p class=\"p1\"><span class=\"s2\">11. Informationen aktualisieren<\/span><\/p><p class=\"p1\"><span class=\"s2\">11.1 Bitte teilen Sie uns mit, wenn die pers\u00f6nlichen Daten, die wir \u00fcber Sie gespeichert haben, korrigiert oder aktualisiert werden m\u00fcssen.<\/span><\/p><p class=\"p1\"><span class=\"s2\">12. kekse - Kekse<\/span><\/p><p class=\"p1\"><span class=\"s2\">12.1 Unsere Website verwendet Cookies.<\/span><\/p><p class=\"p1\"><span class=\"s2\">12.2 Ein Cookie ist eine Datei, die eine Kennung (eine Zeichenfolge aus Buchstaben und Zahlen) enth\u00e4lt, die von einem Webserver an einen Webbrowser gesendet und vom Browser gespeichert wird. Die Kennung wird dann jedes Mal an den Server zur\u00fcckgeschickt, wenn eine der Seiten des Servers geladen wird.<\/span><\/p><p class=\"p1\"><span class=\"s2\">12.3 Bei Cookies kann es sich um dauerhafte Cookies oder um Sitzungscookies handeln: dauerhafte Cookies werden vom Webbrowser gespeichert und bleiben bis zum Ablauf g\u00fcltig, es sei denn, sie werden vom Nutzer vor dem Ablauf gel\u00f6scht; ein Sitzungscookie hingegen l\u00e4uft am Ende einer Nutzersitzung ab, wenn der Webbrowser geschlossen wird.<\/span><\/p><p class=\"p1\"><span class=\"s2\">12.4 Cookies enthalten im Allgemeinen keine Informationen, die einen Nutzer pers\u00f6nlich identifizieren, aber pers\u00f6nliche Informationen, die \u00fcber Sie gespeichert werden, k\u00f6nnen mit den in Cookies gespeicherten und von ihnen erhaltenen Informationen verkn\u00fcpft werden.<\/span><\/p><p class=\"p1\"><span class=\"s2\">12.5 Wir verwenden beide Arten von Cookies auf unserer Website.<\/span><\/p><p class=\"p1\"><span class=\"s2\">12.6 Bei den meisten Browsern k\u00f6nnen Cookies blockiert werden. Es steht dem Nutzer jederzeit frei, sie zu blockieren.<\/span><\/p><p class=\"p1\"><span class=\"s2\">12.7 Die Blockierung aller Cookies wird sich negativ auf die Benutzerfreundlichkeit vieler Websites auswirken.<\/span><\/p><p class=\"p1\"><span class=\"s2\">12.8 Wenn Sie Cookies blockieren, k\u00f6nnen Sie nicht alle Funktionen unserer Website nutzen.<\/span><\/p><p class=\"p1\"><span class=\"s2\">12.9 Sie k\u00f6nnen Cookies l\u00f6schen, die sich bereits auf Ihrem Computer befinden;<\/span><\/p><p class=\"p1\"><span class=\"s2\">12.10 Das L\u00f6schen von Cookies wird sich negativ auf die Benutzerfreundlichkeit vieler Websites auswirken.<\/span><\/p><p class=\"p1\"><span class=\"s2\">13. Wir verarbeiten Ihre personenbezogenen Daten nur in \u00dcbereinstimmung mit den oben genannten Zwecken und Fristen.<\/span><\/p><p class=\"p1\"><span class=\"s2\">13.1 Wenn wir personenbezogene Daten erheben, tun wir dies auf ein Minimum und nur f\u00fcr vorher festgelegte und klar definierte Zwecke und Aufbewahrungsfristen. Wir gew\u00e4hren nur einer begrenzten Anzahl von Personen Zugang zu den Daten, die im Voraus im Umgang mit den Daten geschult und instruiert wurden.<\/span><\/p><p class=\"p1\"><span class=\"s2\">14. Als betroffene Person haben Sie das Recht, eine Best\u00e4tigung und\/oder ausf\u00fchrliche Informationen \u00fcber die \u00fcber Sie verarbeiteten personenbezogenen Daten zu erhalten (Recht auf Auskunft).<\/span><\/p><p class=\"p1\"><span class=\"s2\">14.1 Dar\u00fcber hinaus k\u00f6nnen Sie der Erhebung und Weiterverarbeitung Ihrer personenbezogenen Daten widersprechen und deren Berichtigung (Aktualisierung) oder L\u00f6schung (Recht auf Vergessenwerden) verlangen (wenn es f\u00fcr uns keine g\u00fcltige Rechtsgrundlage f\u00fcr die weitere Verarbeitung der Daten gibt).<\/span><\/p><p class=\"p1\"><span class=\"s2\">14.2 Es ist wichtig zu wissen, dass Sie Ihre Zustimmung zur Verarbeitung personenbezogener Daten jederzeit widerrufen k\u00f6nnen: siehe unsere Kontaktinformationen.<\/span><\/p><p class=\"p1\"><span class=\"s2\">14.3 Wenn Sie der Meinung sind, dass Ihre Datenschutzrechte verletzt wurden, haben Sie das Recht, eine Beschwerde bei der Datenschutzkommission einzureichen oder uns unverz\u00fcglich zu kontaktieren.<\/span><\/p><p class=\"p1\"><span class=\"s2\">Wenn Sie Fragen zu Ihren Rechten haben oder eines dieser Rechte aus\u00fcben m\u00f6chten, wenden Sie sich bitte an die folgende E-Mail-Adresse:<span class=\"Apple-converted-space\">\u00a0 <\/span><b>bohemihomes@abv<\/b><b>.bg<\/b><\/span><\/p>\t\t\t\t\t\t\t\t<\/div>\n\t\t\t\t<\/div>\n\t\t\t\t\t<\/div>\n\t\t<\/div>\n\t\t\t\t\t<\/div>\n\t\t<\/section>\n\t\t\t\t<\/div>","protected":false},"excerpt":{"rendered":"<p>\u041f\u041e\u041b\u0418\u0422\u0418\u041a\u0410 \u0417\u0410 \u041f\u041e\u0412\u0415\u0420\u0418\u0422\u0415\u041b\u041d\u041e\u0421\u0422 \u0418 \u0417\u0410\u0429\u0418\u0422\u0410 \u041d\u0410 \u041b\u0418\u0427\u041d\u0418\u0422\u0415 \u0414\u0410\u041d\u041d\u0418 \u201c\u0411\u041e\u0425\u0415\u041c\u0418 \u0425\u041e\u0423\u041c\u0421\u201c \u0415\u041e\u041e\u0414 \u0437\u0430\u0447\u0438\u0442\u0430 \u043d\u0435\u043f\u0440\u0438\u043a\u043e\u0441\u043d\u043e\u0432\u0435\u043d\u043e\u0441\u0442\u0442\u0430 \u043d\u0430 \u043b\u0438\u0447\u043d\u0438\u044f \u0436\u0438\u0432\u043e\u0442 \u043d\u0430 \u043a\u043b\u0438\u0435\u043d\u0442\u0438\u0442\u0435 \u0441\u0438 \u0438 \u0433\u0430\u0440\u0430\u043d\u0442\u0438\u0440\u0430 \u0432 \u043c\u0430\u043a\u0441\u0438\u043c\u0430\u043b\u043d\u0430 \u0441\u0442\u0435\u043f\u0435\u043d \u0437\u0430\u0449\u0438\u0442\u0430\u0442\u0430 \u043d\u0430 \u043b\u0438\u0447\u043d\u0438\u0442\u0435 \u0438\u043c \u0434\u0430\u043d\u043d\u0438. \u041d\u0430\u0441\u0442\u043e\u044f\u0449\u0430\u0442\u0430 \u041f\u043e\u043b\u0438\u0442\u0438\u043a\u0430 \u0437\u0430 \u043f\u043e\u0432\u0435\u0440\u0438\u0442\u0435\u043b\u043d\u043e\u0441\u0442 \u0438 \u0437\u0430\u0449\u0438\u0442\u0430 \u043d\u0430 \u043b\u0438\u0447\u043d\u0438\u0442\u0435 \u0434\u0430\u043d\u043d\u0438 \u0435 \u0438\u0437\u0433\u043e\u0442\u0432\u0435\u043d\u0430 \u0438 \u0441\u0435 \u043e\u0441\u043d\u043e\u0432\u0430\u0432\u0430 \u043d\u0430 \u0434\u0435\u0439\u0441\u0442\u0432\u0430\u0449\u043e\u0442\u043e \u0431\u044a\u043b\u0433\u0430\u0440\u0441\u043a\u043e \u0438 \u0435\u0432\u0440\u043e\u043f\u0435\u0439\u0441\u043a\u043e \u0437\u0430\u043a\u043e\u043d\u043e\u0434\u0430\u0442\u0435\u043b\u0441\u0442\u0432\u043e \u0432 \u043e\u0431\u043b\u0430\u0441\u0442\u0442\u0430 \u043d\u0430 \u0437\u0430\u0449\u0438\u0442\u0430\u0442\u0430 \u043d\u0430 \u043b\u0438\u0447\u043d\u0438\u0442\u0435 [&hellip;]<\/p>\n","protected":false},"author":1,"featured_media":0,"parent":0,"menu_order":0,"comment_status":"closed","ping_status":"closed","template":"template\/template-homepage.php","meta":{"_monsterinsights_skip_tracking":false,"_monsterinsights_sitenote_active":false,"_monsterinsights_sitenote_note":"","_monsterinsights_sitenote_category":0,"footnotes":""},"class_list":["post-3788","page","type-page","status-publish","hentry"],"_links":{"self":[{"href":"https:\/\/bohemihomes.bg\/de\/wp-json\/wp\/v2\/pages\/3788","targetHints":{"allow":["GET"]}}],"collection":[{"href":"https:\/\/bohemihomes.bg\/de\/wp-json\/wp\/v2\/pages"}],"about":[{"href":"https:\/\/bohemihomes.bg\/de\/wp-json\/wp\/v2\/types\/page"}],"author":[{"embeddable":true,"href":"https:\/\/bohemihomes.bg\/de\/wp-json\/wp\/v2\/users\/1"}],"replies":[{"embeddable":true,"href":"https:\/\/bohemihomes.bg\/de\/wp-json\/wp\/v2\/comments?post=3788"}],"version-history":[{"count":12,"href":"https:\/\/bohemihomes.bg\/de\/wp-json\/wp\/v2\/pages\/3788\/revisions"}],"predecessor-version":[{"id":8320,"href":"https:\/\/bohemihomes.bg\/de\/wp-json\/wp\/v2\/pages\/3788\/revisions\/8320"}],"wp:attachment":[{"href":"https:\/\/bohemihomes.bg\/de\/wp-json\/wp\/v2\/media?parent=3788"}],"curies":[{"name":"wp","href":"https:\/\/api.w.org\/{rel}","templated":true}]}}